{"id":101067,"date":"2021-09-25T08:53:40","date_gmt":"2021-09-25T08:53:40","guid":{"rendered":"https:\/\/rociomontoya.es\/?page_id=101067"},"modified":"2021-09-25T10:18:41","modified_gmt":"2021-09-25T10:18:41","slug":"espectaculos","status":"publish","type":"page","link":"https:\/\/rociomontoya.es\/index.php\/espectaculos\/","title":{"rendered":"ESPECT\u00c1CULOS"},"content":{"rendered":"<p>[vc_row row_height_percent=&#8221;0&#8243; override_padding=&#8221;yes&#8221; h_padding=&#8221;2&#8243; top_padding=&#8221;0&#8243; bottom_padding=&#8221;0&#8243; overlay_alpha=&#8221;50&#8243; gutter_size=&#8221;3&#8243; column_width_percent=&#8221;100&#8243; shift_y=&#8221;0&#8243; z_index=&#8221;0&#8243;][vc_column column_width_use_pixel=&#8221;yes&#8221; gutter_size=&#8221;2&#8243; font_family=&#8221;font-202503&#8243; overlay_alpha=&#8221;50&#8243; shift_x=&#8221;0&#8243; shift_y=&#8221;0&#8243; shift_y_down=&#8221;0&#8243; z_index=&#8221;0&#8243; medium_width=&#8221;0&#8243; align_mobile=&#8221;align_center_mobile&#8221; mobile_width=&#8221;0&#8243; width=&#8221;1\/1&#8243; column_width_pixel=&#8221;800&#8243;][vc_separator sep_color=&#8221;color-xsdn&#8221;][vc_row_inner][vc_column_inner width=&#8221;1\/1&#8243;][vc_single_image media=&#8221;101078&#8243; media_width_percent=&#8221;100&#8243; uncode_shortcode_id=&#8221;113060&#8243;][\/vc_column_inner][\/vc_row_inner][vc_column_text text_lead=&#8221;yes&#8221; uncode_shortcode_id=&#8221;637358&#8243;]<\/p>\n<h5>TraiMora, es una formaci\u00f3n de m\u00fasica flamenco \u00e1rabe y baile flamenco.<br \/>\nTres mujeres procedentes de diferentes culturas que comparten el arte desde la elegancia como punto de encuentro.<br \/>\nRoc\u00edo Montoya, bailaora de renombre que ha recorrido el mundo, dibuja con su cuerpo los quiebros y melismas que Habiba Chaouf desde Casablanca y Albaic\u00edn traza con su garganta prodigiosa. Ese di\u00e1logo queda envuelto con los acordes y falsetas de la guitarra flamenca de Pilar Alonso dando sustento r\u00edtmico y arm\u00f3nico.<br \/>\nUna forma diferente de expresar los palos del flamenco.<\/h5>\n<h5><\/h5>\n<p>[\/vc_column_text][vc_row_inner limit_content=&#8221;&#8221;][vc_column_inner width=&#8221;1\/1&#8243;][vc_gallery el_id=&#8221;gallery-151488&#8243; type=&#8221;carousel&#8221; medias=&#8221;101085&#8243; carousel_lg=&#8221;1&#8243; carousel_md=&#8221;1&#8243; carousel_sm=&#8221;1&#8243; gutter_size=&#8221;2&#8243; media_items=&#8221;media|nolink|original,title,caption,description&#8221; carousel_interval=&#8221;3000&#8243; carousel_navspeed=&#8221;400&#8243; stage_padding=&#8221;0&#8243; single_overlay_opacity=&#8221;50&#8243; single_image_anim=&#8221;no&#8221; single_h_align=&#8221;center&#8221; single_padding=&#8221;3&#8243; single_title_dimension=&#8221;h3&#8243; single_title_weight=&#8221;400&#8243; single_border=&#8221;yes&#8221; items=&#8221;eyI1NjY4OF9pIjp7InNpbmdsZV9pY29uIjoiIiwic2luZ2xlX3dpZHRoIjoiMTIiLCJpbWFnZXNfc2l6ZSI6InNpeHRlZW4tbmluZSJ9LCI1ODQ3MF9pIjp7InNpbmdsZV93aWR0aCI6IjEyIiwiaW1hZ2VzX3NpemUiOiJmb3VyLXRocmVlIn19&#8243; uncode_shortcode_id=&#8221;230294&#8243;][\/vc_column_inner][\/vc_row_inner][vc_separator sep_color=&#8221;color-xsdn&#8221;][vc_row_inner][vc_column_inner width=&#8221;1\/1&#8243;][vc_single_image media=&#8221;101074&#8243; media_width_percent=&#8221;100&#8243; uncode_shortcode_id=&#8221;170189&#8243;][\/vc_column_inner][\/vc_row_inner][\/vc_column][\/vc_row][vc_row row_height_percent=&#8221;0&#8243; override_padding=&#8221;yes&#8221; h_padding=&#8221;2&#8243; top_padding=&#8221;0&#8243; bottom_padding=&#8221;0&#8243; overlay_alpha=&#8221;50&#8243; gutter_size=&#8221;3&#8243; column_width_percent=&#8221;100&#8243; shift_y=&#8221;0&#8243; z_index=&#8221;0&#8243;][vc_column column_width_use_pixel=&#8221;yes&#8221; gutter_size=&#8221;2&#8243; font_family=&#8221;font-202503&#8243; overlay_alpha=&#8221;50&#8243; shift_x=&#8221;0&#8243; shift_y=&#8221;0&#8243; shift_y_down=&#8221;0&#8243; z_index=&#8221;0&#8243; medium_width=&#8221;0&#8243; align_mobile=&#8221;align_center_mobile&#8221; mobile_width=&#8221;0&#8243; width=&#8221;1\/1&#8243; column_width_pixel=&#8221;800&#8243;][vc_gallery el_id=&#8221;gallery-151482-959-663-477-283&#8243; type=&#8221;justified&#8221; medias=&#8221;101085&#8243; dynamic=&#8221;yes&#8221; justify_row_height=&#8221;450&#8243; gutter_size=&#8221;2&#8243; media_items=&#8221;media|nolink|original,title,caption,description&#8221; single_overlay_opacity=&#8221;50&#8243; single_image_anim=&#8221;no&#8221; single_h_align=&#8221;center&#8221; single_padding=&#8221;3&#8243; single_title_dimension=&#8221;h3&#8243; single_title_weight=&#8221;400&#8243; single_border=&#8221;yes&#8221; items=&#8221;eyI1NjY4OF9pIjp7InNpbmdsZV9pY29uIjoiIiwic2luZ2xlX3dpZHRoIjoiMTIiLCJpbWFnZXNfc2l6ZSI6InNpeHRlZW4tbmluZSJ9LCI1ODQ3MF9pIjp7InNpbmdsZV93aWR0aCI6IjEyIiwiaW1hZ2VzX3NpemUiOiJmb3VyLXRocmVlIn19&#8243; uncode_shortcode_id=&#8221;631056&#8243;][vc_gallery el_id=&#8221;gallery-151482-959-663-477-283&#8243; type=&#8221;justified&#8221; medias=&#8221;101070&#8243; dynamic=&#8221;yes&#8221; justify_row_height=&#8221;450&#8243; gutter_size=&#8221;2&#8243; media_items=&#8221;media|nolink|original,title,caption,description&#8221; single_overlay_opacity=&#8221;50&#8243; single_image_anim=&#8221;no&#8221; single_h_align=&#8221;center&#8221; single_padding=&#8221;3&#8243; single_title_dimension=&#8221;h3&#8243; single_title_weight=&#8221;400&#8243; single_border=&#8221;yes&#8221; items=&#8221;eyI1NjY4OF9pIjp7InNpbmdsZV9pY29uIjoiIiwic2luZ2xlX3dpZHRoIjoiMTIiLCJpbWFnZXNfc2l6ZSI6InNpeHRlZW4tbmluZSJ9LCI1ODQ3MF9pIjp7InNpbmdsZV93aWR0aCI6IjEyIiwiaW1hZ2VzX3NpemUiOiJmb3VyLXRocmVlIn19&#8243; uncode_shortcode_id=&#8221;211545&#8243;][vc_separator sep_color=&#8221;color-xsdn&#8221;][vc_column_text text_lead=&#8221;yes&#8221; uncode_shortcode_id=&#8221;175575&#8243;]<\/p>\n<h5>Entre los siglos XVIII y XIX, cuando los escritores rom\u00e1nticos llegaron a Granada, la Zambra y el Flamenco emergieron como una expresi\u00f3n art\u00edstica apreciada en el mundo entero. Fue precisamente esta apreciaci\u00f3n la que convirti\u00f3 al flamenco en una disciplina, forma y en un estilo musical concreto, sac\u00e1ndolo de la intimidad del folclore gitano.<br \/>\nFue en este momento cuando las Cuevas Flamencas del Sacromonte se volvieron famosas. Los viajeros iban al Sacromonte a encontrarse con la cultura gitana espa\u00f1ola m\u00e1s pura y aut\u00e9ntica.<br \/>\nAlhambra Baila ha querido traerse esa cultura gitana desde el Sacromonte hasta la Alhambra sin perder la esencia y la autenticidad del Flamenco en Granada.<br \/>\nAlhambra baila es una compa\u00f1\u00eda creada con el con el cari\u00f1o, amor y respeto que Roc\u00edo Montoya le tiene al flamenco. Y est\u00e1 compuesta por grandes artistas con prestigio y reconocimiento en el mundo del flamenco y en nuestra tierra Granada.<br \/>\nEl espect\u00e1culo es una viva expresi\u00f3n de emoci\u00f3n que pone a su p\u00fablico bajo un hechizo con la pasi\u00f3n y el poder del Flamenco.<br \/>\nSirviendo de presentaci\u00f3n comenzamos el espect\u00e1culo con un baile por abandolaos de la tierra interpretado por los cinco componentes que forman la compa\u00f1\u00eda.<br \/>\nAdem\u00e1s de bailes en grupo, cada bailaor interpreta un solo improvisado de entre los m\u00e1s puros y tradicionales palos del flamenco, d\u00e1ndole su estilo personal e interpretaci\u00f3n propia.<\/h5>\n<h5>La tradici\u00f3n, la pureza y la fuerza de cada artista es lo que hace de Alhambra baila un espect\u00e1culo que seducir\u00e1 al espectador m\u00e1s entendido del flamenco al igual que inspirar\u00e1 al viajero, curioso por aprender m\u00e1s sobre la cultura espa\u00f1ola y su arte m\u00e1s popular, el Flamenco.<\/h5>\n<p>[\/vc_column_text][vc_row_inner limit_content=&#8221;&#8221;][vc_column_inner width=&#8221;1\/1&#8243;][vc_gallery el_id=&#8221;gallery-151482&#8243; type=&#8221;carousel&#8221; medias=&#8221;101070&#8243; carousel_lg=&#8221;1&#8243; carousel_md=&#8221;1&#8243; carousel_sm=&#8221;1&#8243; gutter_size=&#8221;2&#8243; media_items=&#8221;media|nolink|original,title,caption,description&#8221; carousel_interval=&#8221;3000&#8243; carousel_navspeed=&#8221;400&#8243; stage_padding=&#8221;0&#8243; single_overlay_opacity=&#8221;50&#8243; single_image_anim=&#8221;no&#8221; single_h_align=&#8221;center&#8221; single_padding=&#8221;3&#8243; single_title_dimension=&#8221;h3&#8243; single_title_weight=&#8221;400&#8243; single_border=&#8221;yes&#8221; items=&#8221;eyI1NjY4OF9pIjp7InNpbmdsZV9pY29uIjoiIiwic2luZ2xlX3dpZHRoIjoiMTIiLCJpbWFnZXNfc2l6ZSI6InNpeHRlZW4tbmluZSJ9LCI1ODQ3MF9pIjp7InNpbmdsZV93aWR0aCI6IjEyIiwiaW1hZ2VzX3NpemUiOiJmb3VyLXRocmVlIn19&#8243; uncode_shortcode_id=&#8221;195284&#8243;][\/vc_column_inner][\/vc_row_inner][vc_separator sep_color=&#8221;color-xsdn&#8221;][vc_separator sep_color=&#8221;color-xsdn&#8221;][vc_separator sep_color=&#8221;color-xsdn&#8221;][\/vc_column][\/vc_row]<\/p>\n","protected":false},"excerpt":{"rendered":"<p>[vc_row row_height_percent=&#8221;0&#8243; override_padding=&#8221;yes&#8221; h_padding=&#8221;2&#8243; top_padding=&#8221;0&#8243; bottom_padding=&#8221;0&#8243; overlay_alpha=&#8221;50&#8243; gutter_size=&#8221;3&#8243; column_width_percent=&#8221;100&#8243; shift_y=&#8221;0&#8243; z_index=&#8221;0&#8243;][vc_column column_width_use_pixel=&#8221;yes&#8221; gutter_size=&#8221;2&#8243; font_family=&#8221;font-202503&#8243; overlay_alpha=&#8221;50&#8243; shift_x=&#8221;0&#8243; shift_y=&#8221;0&#8243; shift_y_down=&#8221;0&#8243; z_index=&#8221;0&#8243; medium_width=&#8221;0&#8243; [&hellip;]<\/p>\n","protected":false},"author":2,"featured_media":0,"parent":0,"menu_order":0,"comment_status":"closed","ping_status":"closed","template":"","meta":[],"_links":{"self":[{"href":"https:\/\/rociomontoya.es\/index.php\/wp-json\/wp\/v2\/pages\/101067"}],"collection":[{"href":"https:\/\/rociomontoya.es\/index.php\/wp-json\/wp\/v2\/pages"}],"about":[{"href":"https:\/\/rociomontoya.es\/index.php\/wp-json\/wp\/v2\/types\/page"}],"author":[{"embeddable":true,"href":"https:\/\/rociomontoya.es\/index.php\/wp-json\/wp\/v2\/users\/2"}],"replies":[{"embeddable":true,"href":"https:\/\/rociomontoya.es\/index.php\/wp-json\/wp\/v2\/comments?post=101067"}],"version-history":[{"count":20,"href":"https:\/\/rociomontoya.es\/index.php\/wp-json\/wp\/v2\/pages\/101067\/revisions"}],"predecessor-version":[{"id":101091,"href":"https:\/\/rociomontoya.es\/index.php\/wp-json\/wp\/v2\/pages\/101067\/revisions\/101091"}],"wp:attachment":[{"href":"https:\/\/rociomontoya.es\/index.php\/wp-json\/wp\/v2\/media?parent=101067"}],"curies":[{"name":"wp","href":"https:\/\/api.w.org\/{rel}","templated":true}]}}